{"id":6639,"date":"2020-01-10T23:58:25","date_gmt":"2020-01-10T23:58:25","guid":{"rendered":"https:\/\/tutusmedia.com\/?page_id=6639"},"modified":"2024-11-08T11:24:51","modified_gmt":"2024-11-08T11:24:51","slug":"impressum","status":"publish","type":"page","link":"https:\/\/tutusmedia.com\/de\/impressum\/","title":{"rendered":"Impressum"},"content":{"rendered":"[vc_row type=&#8220;in_container&#8220; full_screen_row_position=&#8220;middle&#8220; scene_position=&#8220;center&#8220; text_color=&#8220;dark&#8220; text_align=&#8220;left&#8220; overlay_strength=&#8220;0.3&#8243; shape_divider_position=&#8220;bottom&#8220; bg_image_animation=&#8220;none&#8220;][vc_column column_padding=&#8220;no-extra-padding&#8220; column_padding_position=&#8220;all&#8220; background_color_opacity=&#8220;1&#8243; background_hover_color_opacity=&#8220;1&#8243; column_link_target=&#8220;_self&#8220; column_shadow=&#8220;none&#8220; column_border_radius=&#8220;none&#8220; width=&#8220;1\/2&#8243; tablet_width_inherit=&#8220;default&#8220; tablet_text_alignment=&#8220;default&#8220; phone_text_alignment=&#8220;default&#8220; column_border_width=&#8220;none&#8220; column_border_style=&#8220;solid&#8220; bg_image_animation=&#8220;none&#8220;][vc_column_text]<strong>Tutus Media GmbH<\/strong><br \/>\nDipl.-Betriebsw. Adem Aydin<\/p>\n<p>B\u00fcrgermeister-Mahr Str. 2<br \/>\n63179 Obertshausen<br \/>\nTel: +49 (0) 6104 947 9884<br \/>\nEmail: info@tutusmedia.com<\/p>\n<p>Inhaltlich Verantwortlicher gem\u00e4\u00df \u00a7 55 Absatz 2 Rundfunk-Staatsvertrag (RStV)<br \/>\nDipl.-Betriebsw. Adem Aydin (Anschrift wie oben)<\/p>\n<p>Vertreten durch:<br \/>\nDipl.-Betriebsw. Adem Aydin (Gesch\u00e4ftsf\u00fchrer)<br \/>\nHRB48115 Amtsgericht Offenbach am Main<br \/>\nSteuernummer: 44 246 41811<br \/>\nUSt-IdNr.: DE 298174356[\/vc_column_text][\/vc_column][vc_column column_padding=&#8220;no-extra-padding&#8220; column_padding_position=&#8220;all&#8220; background_color_opacity=&#8220;1&#8243; background_hover_color_opacity=&#8220;1&#8243; column_link_target=&#8220;_self&#8220; column_shadow=&#8220;none&#8220; column_border_radius=&#8220;none&#8220; width=&#8220;1\/2&#8243; tablet_width_inherit=&#8220;default&#8220; tablet_text_alignment=&#8220;default&#8220; phone_text_alignment=&#8220;default&#8220; column_border_width=&#8220;none&#8220; column_border_style=&#8220;solid&#8220; bg_image_animation=&#8220;none&#8220;][image_with_animation image_url=&#8220;6641&#8243; alignment=&#8220;center&#8220; animation=&#8220;Fade In&#8220; border_radius=&#8220;none&#8220; box_shadow=&#8220;none&#8220; max_width=&#8220;110%&#8220;][\/vc_column][\/vc_row][vc_row type=&#8220;in_container&#8220; full_screen_row_position=&#8220;middle&#8220; scene_position=&#8220;center&#8220; text_color=&#8220;dark&#8220; text_align=&#8220;left&#8220; overlay_strength=&#8220;0.3&#8243; shape_divider_position=&#8220;bottom&#8220; bg_image_animation=&#8220;none&#8220; shape_type=&#8220;&#8220;][vc_column column_padding=&#8220;no-extra-padding&#8220; column_padding_position=&#8220;all&#8220; background_color_opacity=&#8220;1&#8243; background_hover_color_opacity=&#8220;1&#8243; column_link_target=&#8220;_self&#8220; column_shadow=&#8220;none&#8220; column_border_radius=&#8220;none&#8220; width=&#8220;1\/1&#8243; tablet_width_inherit=&#8220;default&#8220; tablet_text_alignment=&#8220;default&#8220; phone_text_alignment=&#8220;default&#8220; column_border_width=&#8220;none&#8220; column_border_style=&#8220;solid&#8220; bg_image_animation=&#8220;none&#8220;][\/vc_column][\/vc_row][vc_row type=&#8220;in_container&#8220; full_screen_row_position=&#8220;middle&#8220; scene_position=&#8220;center&#8220; text_color=&#8220;dark&#8220; text_align=&#8220;left&#8220; overlay_strength=&#8220;0.3&#8243; shape_divider_position=&#8220;bottom&#8220; bg_image_animation=&#8220;none&#8220;][vc_column column_padding=&#8220;no-extra-padding&#8220; column_padding_position=&#8220;all&#8220; background_color_opacity=&#8220;1&#8243; background_hover_color_opacity=&#8220;1&#8243; column_link_target=&#8220;_self&#8220; column_shadow=&#8220;none&#8220; column_border_radius=&#8220;none&#8220; width=&#8220;1\/1&#8243; tablet_width_inherit=&#8220;default&#8220; tablet_text_alignment=&#8220;default&#8220; phone_text_alignment=&#8220;default&#8220; column_border_width=&#8220;none&#8220; column_border_style=&#8220;solid&#8220; bg_image_animation=&#8220;none&#8220;][vc_column_text]<strong>Rechtliche Hinweise:<\/strong><br \/>\nRechtliche Hinweise zur Nutzung des Internetangebotes der Tutus Media GmbH. Die Nutzung dieses Angebotes unterliegt den folgenden Bestimmungen, mit denen Sie sich durch Zugriff auf diese Webseiten einverstanden erkl\u00e4ren:<\/p>\n<p><strong>Urheberrecht:<\/strong><br \/>\nDiese Webseiten dienen der Information \u00fcber die Tutus Media GmbH und ihre Produkte. Die Texte, Bilder, Grafiken und das Layout sowie die gesamte graphische Gestaltung dieser Seiten d\u00fcrfen nur mit schriftlicher Zustimmung genutzt werden.<\/p>\n<p>S\u00e4mtlicher Inhalt der Seiten darf nicht zu kommerziellen Zwecken kopiert, verbreitet oder ver\u00e4ndert werden. Der Download sowie der Ausdruck von Texten, Bildern und graphischen Elementen ist nur zum pers\u00f6nlichen, privaten und nicht kommerziellen Gebrauch gestattet. Eine Vervielf\u00e4ltigung von Grafiken, Bildern und Texten in anderen elektronischen oder gedruckten Publikationen ist nur nach schriftlicher Zustimmung der Tutus Media GmbH zul\u00e4ssig.<\/p>\n<p><strong>Haftungsausschuss f\u00fcr Informationen:<\/strong><br \/>\nDie Inhalte dieser Webseiten dienen lediglich allgemeinen Informationszwecken. Auch wenn alle Angaben auf ihre Richtigkeit und Vollst\u00e4ndigkeit gepr\u00fcft wurden, k\u00f6nnen diese trotzdem einmal Fehler oder Ungenauigkeiten enthalten. Die Tutus Media GmbH \u00fcbernimmt deshalb hinsichtlich der Richtigkeit, Vollst\u00e4ndigkeit und Aktualit\u00e4t ihrer Webseiten keine Haftung f\u00fcr Sch\u00e4den materieller oder ideeller Art, die durch die Nutzung fehlerhafter oder unvollst\u00e4ndiger Informationen innerhalb dieses Internetangebotes entstehen.<\/p>\n<p>Die Tutus Media GmbH beh\u00e4lt sich ausdr\u00fccklich vor, Teile der Seiten oder das gesamte Angebot ohne gesonderte Ank\u00fcndigung zu ver\u00e4ndern, zu erg\u00e4nzen, zu l\u00f6schen oder die Ver\u00f6ffentlichung zeitweise oder endg\u00fcltig einzustellen.<\/p>\n<p>Die Inhalte dieser Website richten sich alleine an gewerbsm\u00e4\u00dfig handelnde Kunden. Offentlich zug\u00e4ngliche Informationen diehnen der Illustration und stellen keine Angebote f\u00fcr Privatkunden dar.<\/p>\n<p><strong>Haftungsausschluss f\u00fcr Links:<\/strong><br \/>\nDie Tutus Media GmbH bem\u00fcht sich um eine Kontrolle der Inhalte derjenigen fremden Internetseiten, auf die im Rahmen ihres Internetangebotes direkt oder indirekt durch Links verwiesen wird. Eine Linksetzung erfolgt nur, wenn die angelinkte Seite zum Zeitpunkt der Linksetzung keine illegalen Inhalte enth\u00e4lt. Da die Ver\u00e4nderung dieser Inhalte au\u00dferhalb des Einflussbereiches der Tutus Media GmbH liegt, kann eine Haftung f\u00fcr nach der Linksetzung ver\u00e4nderte, fremde Inhalte nicht \u00fcbernommen werden.<br \/>\nDie Tutus Media GmbH erkl\u00e4rt deshalb ausdr\u00fccklich, dass sie sich den Inhalt der verlinkten Seiten nicht zu eigen macht. F\u00fcr Sch\u00e4den, die aus der Nutzung dieser fremden Seiten entstehen, haftet allein der Anbieter der Seite, auf welche verwiesen wurde.<\/p>\n<p><strong>Datenschutz:<\/strong><br \/>\nSofern innerhalb des Internetangebotes der Tutus Media GmbH die M\u00f6glichkeit zur Eingabe pers\u00f6nlicher oder gesch\u00e4ftlicher Daten besteht, erfolgt diese Angabe der Daten durch den Nutzer auf ausdr\u00fccklich freiwilliger Basis. Die Tutus Media GmbH erkl\u00e4rt ausdr\u00fccklich, dass diese Daten nur zu dem angegebenen Zweck verwendet und nicht an Dritte weitergegeben werden. Alle Angaben werden gem\u00e4\u00df den gelten datenschutzrechtlichen Bestimmungen vertraulich behandelt[\/vc_column_text][\/vc_column][\/vc_row]\n","protected":false},"excerpt":{"rendered":"<p>[vc_row type=&#8220;in_container&#8220; full_screen_row_position=&#8220;middle&#8220; scene_position=&#8220;center&#8220; text_color=&#8220;dark&#8220; text_align=&#8220;left&#8220; overlay_strength=&#8220;0.3&#8243; shape_divider_position=&#8220;bottom&#8220; bg_image_animation=&#8220;none&#8220;][vc_column column_padding=&#8220;no-extra-padding&#8220; column_padding_position=&#8220;all&#8220; background_color_opacity=&#8220;1&#8243; background_hover_color_opacity=&#8220;1&#8243; column_link_target=&#8220;_self&#8220; column_shadow=&#8220;none&#8220; column_border_radius=&#8220;none&#8220; width=&#8220;1\/2&#8243; tablet_width_inherit=&#8220;default&#8220; tablet_text_alignment=&#8220;default&#8220; phone_text_alignment=&#8220;default&#8220; column_border_width=&#8220;none&#8220; column_border_style=&#8220;solid&#8220; bg_image_animation=&#8220;none&#8220;][vc_column_text]Tutus Media GmbH Dipl.-Betriebsw. Adem Aydin B\u00fcrgermeister-Mahr Str&#8230;.<\/p>\n","protected":false},"author":1,"featured_media":0,"parent":0,"menu_order":0,"comment_status":"closed","ping_status":"closed","template":"","meta":{"footnotes":""},"class_list":["post-6639","page","type-page","status-publish"],"yoast_head":"<!-- This site is optimized with the Yoast SEO plugin v26.9 - https:\/\/yoast.com\/product\/yoast-seo-wordpress\/ -->\n<title>Impressum: Wichtige Informationen \u00fcber Tutus Media GmbH<\/title>\n<meta name=\"description\" content=\"Impressum: Tutus Media GmbH, Dipl.-Betriebsw. Adem Aydin, B\u00fcrgermeister-Mahr Str. 263179 Obertshausen, Tel: +49 (0) 69 150 43 443\" \/>\n<meta name=\"robots\" content=\"index, follow, max-snippet:-1, max-image-preview:large, max-video-preview:-1\" \/>\n<link rel=\"canonical\" href=\"https:\/\/tutusmedia.com\/de\/impressum\/\" \/>\n<meta property=\"og:locale\" content=\"de_DE\" \/>\n<meta property=\"og:type\" content=\"article\" \/>\n<meta property=\"og:title\" content=\"Impressum: Wichtige Informationen \u00fcber Tutus Media GmbH\" \/>\n<meta property=\"og:description\" content=\"Impressum: Tutus Media GmbH, Dipl.-Betriebsw. Adem Aydin, B\u00fcrgermeister-Mahr Str. 263179 Obertshausen, Tel: +49 (0) 69 150 43 443\" \/>\n<meta property=\"og:url\" content=\"https:\/\/tutusmedia.com\/de\/impressum\/\" \/>\n<meta property=\"og:site_name\" content=\"Tutusmedia GmbH\" \/>\n<meta property=\"article:modified_time\" content=\"2024-11-08T11:24:51+00:00\" \/>\n<meta name=\"twitter:card\" content=\"summary_large_image\" \/>\n<meta name=\"twitter:label1\" content=\"Gesch\u00e4tzte Lesezeit\" \/>\n\t<meta name=\"twitter:data1\" content=\"3\u00a0Minuten\" \/>\n<script type=\"application\/ld+json\" class=\"yoast-schema-graph\">{\"@context\":\"https:\/\/schema.org\",\"@graph\":[{\"@type\":\"WebPage\",\"@id\":\"https:\/\/tutusmedia.com\/de\/impressum\/\",\"url\":\"https:\/\/tutusmedia.com\/de\/impressum\/\",\"name\":\"Impressum: Wichtige Informationen \u00fcber Tutus Media GmbH\",\"isPartOf\":{\"@id\":\"https:\/\/tutusmedia.com\/de\/#website\"},\"datePublished\":\"2020-01-10T23:58:25+00:00\",\"dateModified\":\"2024-11-08T11:24:51+00:00\",\"description\":\"Impressum: Tutus Media GmbH, Dipl.-Betriebsw. Adem Aydin, B\u00fcrgermeister-Mahr Str. 263179 Obertshausen, Tel: +49 (0) 69 150 43 443\",\"breadcrumb\":{\"@id\":\"https:\/\/tutusmedia.com\/de\/impressum\/#breadcrumb\"},\"inLanguage\":\"de\",\"potentialAction\":[{\"@type\":\"ReadAction\",\"target\":[\"https:\/\/tutusmedia.com\/de\/impressum\/\"]}]},{\"@type\":\"BreadcrumbList\",\"@id\":\"https:\/\/tutusmedia.com\/de\/impressum\/#breadcrumb\",\"itemListElement\":[{\"@type\":\"ListItem\",\"position\":1,\"name\":\"Ana sayfa\",\"item\":\"https:\/\/tutusmedia.com\/de\/\"},{\"@type\":\"ListItem\",\"position\":2,\"name\":\"Impressum\"}]},{\"@type\":\"WebSite\",\"@id\":\"https:\/\/tutusmedia.com\/de\/#website\",\"url\":\"https:\/\/tutusmedia.com\/de\/\",\"name\":\"Tutusmedia GmbH\",\"description\":\"\",\"potentialAction\":[{\"@type\":\"SearchAction\",\"target\":{\"@type\":\"EntryPoint\",\"urlTemplate\":\"https:\/\/tutusmedia.com\/de\/?s={search_term_string}\"},\"query-input\":{\"@type\":\"PropertyValueSpecification\",\"valueRequired\":true,\"valueName\":\"search_term_string\"}}],\"inLanguage\":\"de\"}]}<\/script>\n<!-- \/ Yoast SEO plugin. -->","yoast_head_json":{"title":"Impressum: Wichtige Informationen \u00fcber Tutus Media GmbH","description":"Impressum: Tutus Media GmbH, Dipl.-Betriebsw. Adem Aydin, B\u00fcrgermeister-Mahr Str. 263179 Obertshausen, Tel: +49 (0) 69 150 43 443","robots":{"index":"index","follow":"follow","max-snippet":"max-snippet:-1","max-image-preview":"max-image-preview:large","max-video-preview":"max-video-preview:-1"},"canonical":"https:\/\/tutusmedia.com\/de\/impressum\/","og_locale":"de_DE","og_type":"article","og_title":"Impressum: Wichtige Informationen \u00fcber Tutus Media GmbH","og_description":"Impressum: Tutus Media GmbH, Dipl.-Betriebsw. Adem Aydin, B\u00fcrgermeister-Mahr Str. 263179 Obertshausen, Tel: +49 (0) 69 150 43 443","og_url":"https:\/\/tutusmedia.com\/de\/impressum\/","og_site_name":"Tutusmedia GmbH","article_modified_time":"2024-11-08T11:24:51+00:00","twitter_card":"summary_large_image","twitter_misc":{"Gesch\u00e4tzte Lesezeit":"3\u00a0Minuten"},"schema":{"@context":"https:\/\/schema.org","@graph":[{"@type":"WebPage","@id":"https:\/\/tutusmedia.com\/de\/impressum\/","url":"https:\/\/tutusmedia.com\/de\/impressum\/","name":"Impressum: Wichtige Informationen \u00fcber Tutus Media GmbH","isPartOf":{"@id":"https:\/\/tutusmedia.com\/de\/#website"},"datePublished":"2020-01-10T23:58:25+00:00","dateModified":"2024-11-08T11:24:51+00:00","description":"Impressum: Tutus Media GmbH, Dipl.-Betriebsw. Adem Aydin, B\u00fcrgermeister-Mahr Str. 263179 Obertshausen, Tel: +49 (0) 69 150 43 443","breadcrumb":{"@id":"https:\/\/tutusmedia.com\/de\/impressum\/#breadcrumb"},"inLanguage":"de","potentialAction":[{"@type":"ReadAction","target":["https:\/\/tutusmedia.com\/de\/impressum\/"]}]},{"@type":"BreadcrumbList","@id":"https:\/\/tutusmedia.com\/de\/impressum\/#breadcrumb","itemListElement":[{"@type":"ListItem","position":1,"name":"Ana sayfa","item":"https:\/\/tutusmedia.com\/de\/"},{"@type":"ListItem","position":2,"name":"Impressum"}]},{"@type":"WebSite","@id":"https:\/\/tutusmedia.com\/de\/#website","url":"https:\/\/tutusmedia.com\/de\/","name":"Tutusmedia GmbH","description":"","potentialAction":[{"@type":"SearchAction","target":{"@type":"EntryPoint","urlTemplate":"https:\/\/tutusmedia.com\/de\/?s={search_term_string}"},"query-input":{"@type":"PropertyValueSpecification","valueRequired":true,"valueName":"search_term_string"}}],"inLanguage":"de"}]}},"_links":{"self":[{"href":"https:\/\/tutusmedia.com\/de\/wp-json\/wp\/v2\/pages\/6639","targetHints":{"allow":["GET"]}}],"collection":[{"href":"https:\/\/tutusmedia.com\/de\/wp-json\/wp\/v2\/pages"}],"about":[{"href":"https:\/\/tutusmedia.com\/de\/wp-json\/wp\/v2\/types\/page"}],"author":[{"embeddable":true,"href":"https:\/\/tutusmedia.com\/de\/wp-json\/wp\/v2\/users\/1"}],"replies":[{"embeddable":true,"href":"https:\/\/tutusmedia.com\/de\/wp-json\/wp\/v2\/comments?post=6639"}],"version-history":[{"count":9,"href":"https:\/\/tutusmedia.com\/de\/wp-json\/wp\/v2\/pages\/6639\/revisions"}],"predecessor-version":[{"id":63429,"href":"https:\/\/tutusmedia.com\/de\/wp-json\/wp\/v2\/pages\/6639\/revisions\/63429"}],"wp:attachment":[{"href":"https:\/\/tutusmedia.com\/de\/wp-json\/wp\/v2\/media?parent=6639"}],"curies":[{"name":"wp","href":"https:\/\/api.w.org\/{rel}","templated":true}]}}